{"id":634,"date":"2025-04-02T14:38:01","date_gmt":"2025-04-02T12:38:01","guid":{"rendered":"https:\/\/decokoncept.pl\/produkt\/regulowana-stozkowa-dysza\/"},"modified":"2025-10-13T23:28:54","modified_gmt":"2025-10-13T21:28:54","slug":"adjustable-tapered-nozzle","status":"publish","type":"product","link":"https:\/\/decokoncept.pl\/en\/product\/adjustable-tapered-nozzle\/","title":{"rendered":"Adjustable conical nozzle"},"content":{"rendered":"","protected":false},"excerpt":{"rendered":"<p>Regulowana sto\u017ckowa dysza ko\u0144c\u00f3wkowa jest zalecana do aplikacji koloru ze wzgl\u0119du na jej g\u0142adk\u0105 funkcj\u0119 aplikacji w formie \"mgie\u0142ki\".<br \/>\nOpryskiwacze C\u00b2 s\u0105 standardowo wyposa\u017cone w dysz\u0119 wachlarzow\u0105.<\/p>","protected":false},"featured_media":472,"template":"","format":"standard","meta":{"_acf_changed":false},"tag-konfiguratora":[],"product_brand":[],"product_cat":[40],"product_tag":[],"class_list":{"0":"post-634","1":"product","2":"type-product","3":"status-publish","4":"format-standard","5":"has-post-thumbnail","7":"product_cat-akcesoria","9":"first","10":"onbackorder","11":"taxable","12":"shipping-taxable","13":"purchasable","14":"product-type-simple"},"acf":[],"_links":{"self":[{"href":"https:\/\/decokoncept.pl\/en\/wp-json\/wp\/v2\/product\/634","targetHints":{"allow":["GET"]}}],"collection":[{"href":"https:\/\/decokoncept.pl\/en\/wp-json\/wp\/v2\/product"}],"about":[{"href":"https:\/\/decokoncept.pl\/en\/wp-json\/wp\/v2\/types\/product"}],"wp:featuredmedia":[{"embeddable":true,"href":"https:\/\/decokoncept.pl\/en\/wp-json\/wp\/v2\/media\/472"}],"wp:attachment":[{"href":"https:\/\/decokoncept.pl\/en\/wp-json\/wp\/v2\/media?parent=634"}],"wp:term":[{"taxonomy":"tag-konfiguratora","embeddable":true,"href":"https:\/\/decokoncept.pl\/en\/wp-json\/wp\/v2\/tag-konfiguratora?post=634"},{"taxonomy":"product_brand","embeddable":true,"href":"https:\/\/decokoncept.pl\/en\/wp-json\/wp\/v2\/product_brand?post=634"},{"taxonomy":"product_cat","embeddable":true,"href":"https:\/\/decokoncept.pl\/en\/wp-json\/wp\/v2\/product_cat?post=634"},{"taxonomy":"product_tag","embeddable":true,"href":"https:\/\/decokoncept.pl\/en\/wp-json\/wp\/v2\/product_tag?post=634"}],"curies":[{"name":"wp","href":"https:\/\/api.w.org\/{rel}","templated":true}]}}