{"id":813,"date":"2025-04-20T00:31:22","date_gmt":"2025-04-19T22:31:22","guid":{"rendered":"https:\/\/decokoncept.pl\/?post_type=product&#038;p=813"},"modified":"2025-07-24T22:12:42","modified_gmt":"2025-07-24T20:12:42","slug":"c%c2%b2-leistungspolitur","status":"publish","type":"product","link":"https:\/\/decokoncept.pl\/de\/produkt\/c%c2%b2-leistungspolitur\/","title":{"rendered":"C\u00b2 Diamanten"},"content":{"rendered":"<p>Diamantwerkzeuge <strong>C2 Power Polish\u2122<\/strong> sind fortschrittliche Werkzeuge zum Schleifen und Polieren von Beton. Dank einer einzigartigen Diamantbindung, gr\u00f6\u00dferen Abmessungen und einem flexiblen System von <strong>C2 Flex\u2122.<\/strong> bieten Haltbarkeit, Pr\u00e4zision und Leistung. Sie sind einfach zu installieren, mit einer Vielzahl von Maschinen kompatibel und erm\u00f6glichen es Ihnen, schnell ein Oberfl\u00e4chenfinish Ihrer Wahl zu erzielen, von matt bis hochgl\u00e4nzend.<\/p>\n<p><i>C2 Diamonds l\u00e4sst sich leicht an der Kellenplatte oder am Klettverschluss befestigen <\/i><i>automatische Waschmaschine oder Einscheiben-Scheuersaugmaschine. <\/i><\/p>\n<p><i>Einfach <\/i><i>Aufkleben unserer stabilen Klebestreifen mit Klettverschluss <strong>C2 <\/strong><\/i><i><strong>Hook\u2122.<\/strong> gleichm\u00e4\u00dfig um den Rand der Kellenscheibe und dann <\/i><i>Diamantwerkzeuge an ihnen befestigen. Das System erm\u00f6glicht eine einfache und schnelle <\/i><i>Austausch von Werkzeugen mit verschiedenen K\u00f6rnungen (Abstufungen) von Diamanten.<\/i><\/p>","protected":false},"excerpt":{"rendered":"<h6 style=\"color: black;\">Schleifen, polieren mit einer Betonkelle!!!<\/h6>","protected":false},"featured_media":804,"template":"","format":"standard","meta":{"_acf_changed":false},"tag-konfiguratora":[],"product_brand":[],"product_cat":[112],"product_tag":[],"class_list":{"0":"post-813","1":"product","2":"type-product","3":"status-publish","4":"format-standard","5":"has-post-thumbnail","7":"product_cat-narzedzia-diamentowe","9":"first","10":"instock","11":"taxable","12":"shipping-taxable","13":"purchasable","14":"product-type-variable","15":"has-default-attributes"},"acf":[],"_links":{"self":[{"href":"https:\/\/decokoncept.pl\/de\/wp-json\/wp\/v2\/product\/813","targetHints":{"allow":["GET"]}}],"collection":[{"href":"https:\/\/decokoncept.pl\/de\/wp-json\/wp\/v2\/product"}],"about":[{"href":"https:\/\/decokoncept.pl\/de\/wp-json\/wp\/v2\/types\/product"}],"wp:featuredmedia":[{"embeddable":true,"href":"https:\/\/decokoncept.pl\/de\/wp-json\/wp\/v2\/media\/804"}],"wp:attachment":[{"href":"https:\/\/decokoncept.pl\/de\/wp-json\/wp\/v2\/media?parent=813"}],"wp:term":[{"taxonomy":"tag-konfiguratora","embeddable":true,"href":"https:\/\/decokoncept.pl\/de\/wp-json\/wp\/v2\/tag-konfiguratora?post=813"},{"taxonomy":"product_brand","embeddable":true,"href":"https:\/\/decokoncept.pl\/de\/wp-json\/wp\/v2\/product_brand?post=813"},{"taxonomy":"product_cat","embeddable":true,"href":"https:\/\/decokoncept.pl\/de\/wp-json\/wp\/v2\/product_cat?post=813"},{"taxonomy":"product_tag","embeddable":true,"href":"https:\/\/decokoncept.pl\/de\/wp-json\/wp\/v2\/product_tag?post=813"}],"curies":[{"name":"wp","href":"https:\/\/api.w.org\/{rel}","templated":true}]}}