{"id":801,"date":"2025-04-17T13:23:52","date_gmt":"2025-04-17T11:23:52","guid":{"rendered":"https:\/\/decokoncept.pl\/?post_type=product&#038;p=801"},"modified":"2025-04-17T13:35:40","modified_gmt":"2025-04-17T11:35:40","slug":"grosflachiger-harterstreuungssatz","status":"publish","type":"product","link":"https:\/\/decokoncept.pl\/de\/produkt\/grosflachiger-harterstreuungssatz\/","title":{"rendered":"Gro\u00dffl\u00e4chiger H\u00e4rterstreuungssatz"},"content":{"rendered":"","protected":false},"excerpt":{"rendered":"<p><span data-sheets-root=\"1\">Set f\u00fcr das Auftragen von H\u00e4rter auf einem Betonboden. Ein 90 cm breiter Mopp, geeignet f\u00fcr H\u00e4rter Anwendung, mit Klettverschluss auf dem Rahmen zusammen mit einer Teleskopstange in der L\u00e4nge verstellbar montiert, so dass die bequemste Position eingestellt werden kann. Die gro\u00dfe Breite des Mopps erm\u00f6glicht eine hohe Leistung, und die speziell ausgew\u00e4hlte Struktur erm\u00f6glicht eine pr\u00e4zise Verteilung, gleichm\u00e4\u00dfige und wirtschaftliche Verteilung des Produkts.<\/span><\/p>","protected":false},"featured_media":472,"template":"","format":"standard","meta":{"_acf_changed":false},"tag-konfiguratora":[],"product_brand":[],"product_cat":[40],"product_tag":[],"class_list":{"0":"post-801","1":"product","2":"type-product","3":"status-publish","4":"format-standard","5":"has-post-thumbnail","7":"product_cat-akcesoria","9":"first","10":"instock","11":"taxable","12":"shipping-taxable","13":"purchasable","14":"product-type-composite"},"acf":[],"_links":{"self":[{"href":"https:\/\/decokoncept.pl\/de\/wp-json\/wp\/v2\/product\/801","targetHints":{"allow":["GET"]}}],"collection":[{"href":"https:\/\/decokoncept.pl\/de\/wp-json\/wp\/v2\/product"}],"about":[{"href":"https:\/\/decokoncept.pl\/de\/wp-json\/wp\/v2\/types\/product"}],"wp:featuredmedia":[{"embeddable":true,"href":"https:\/\/decokoncept.pl\/de\/wp-json\/wp\/v2\/media\/472"}],"wp:attachment":[{"href":"https:\/\/decokoncept.pl\/de\/wp-json\/wp\/v2\/media?parent=801"}],"wp:term":[{"taxonomy":"tag-konfiguratora","embeddable":true,"href":"https:\/\/decokoncept.pl\/de\/wp-json\/wp\/v2\/tag-konfiguratora?post=801"},{"taxonomy":"product_brand","embeddable":true,"href":"https:\/\/decokoncept.pl\/de\/wp-json\/wp\/v2\/product_brand?post=801"},{"taxonomy":"product_cat","embeddable":true,"href":"https:\/\/decokoncept.pl\/de\/wp-json\/wp\/v2\/product_cat?post=801"},{"taxonomy":"product_tag","embeddable":true,"href":"https:\/\/decokoncept.pl\/de\/wp-json\/wp\/v2\/product_tag?post=801"}],"curies":[{"name":"wp","href":"https:\/\/api.w.org\/{rel}","templated":true}]}}