{"id":799,"date":"2025-04-17T13:10:41","date_gmt":"2025-04-17T11:10:41","guid":{"rendered":"https:\/\/decokoncept.pl\/?post_type=product&#038;p=799"},"modified":"2025-04-17T13:35:20","modified_gmt":"2025-04-17T11:35:20","slug":"demontagesatz-fur-betonabdichtungsprodukte","status":"publish","type":"product","link":"https:\/\/decokoncept.pl\/de\/produkt\/demontagesatz-fur-betonabdichtungsprodukte\/","title":{"rendered":"Set zum Verteilen von Betonabdichtungsprodukten"},"content":{"rendered":"","protected":false},"excerpt":{"rendered":"<p><span data-sheets-root=\"1\">Set f\u00fcr das Auftragen von Impr\u00e4gnierungen auf Betonb\u00f6den. Ein 45 cm breiter Mopp, geeignet f\u00fcr das Auftragen von Impr\u00e4gniermitteln, der mit Klettverschluss am Gestell befestigt wird, zusammen mit einer l\u00e4ngenverstellbaren Teleskopstange, so dass die bequemste Position eingestellt werden kann. Die geeignete Breite des Wischmopps erm\u00f6glicht ein pr\u00e4zises Auftragen, und die speziell gew\u00e4hlte Struktur erm\u00f6glicht ein gleichm\u00e4\u00dfiges, streifenfreies und sparsames Verteilen des Produkts.<\/span><\/p>","protected":false},"featured_media":472,"template":"","format":"standard","meta":{"_acf_changed":false},"tag-konfiguratora":[],"product_brand":[],"product_cat":[40],"product_tag":[],"class_list":{"0":"post-799","1":"product","2":"type-product","3":"status-publish","4":"format-standard","5":"has-post-thumbnail","7":"product_cat-akcesoria","9":"first","10":"instock","11":"taxable","12":"shipping-taxable","13":"purchasable","14":"product-type-composite"},"acf":[],"_links":{"self":[{"href":"https:\/\/decokoncept.pl\/de\/wp-json\/wp\/v2\/product\/799","targetHints":{"allow":["GET"]}}],"collection":[{"href":"https:\/\/decokoncept.pl\/de\/wp-json\/wp\/v2\/product"}],"about":[{"href":"https:\/\/decokoncept.pl\/de\/wp-json\/wp\/v2\/types\/product"}],"wp:featuredmedia":[{"embeddable":true,"href":"https:\/\/decokoncept.pl\/de\/wp-json\/wp\/v2\/media\/472"}],"wp:attachment":[{"href":"https:\/\/decokoncept.pl\/de\/wp-json\/wp\/v2\/media?parent=799"}],"wp:term":[{"taxonomy":"tag-konfiguratora","embeddable":true,"href":"https:\/\/decokoncept.pl\/de\/wp-json\/wp\/v2\/tag-konfiguratora?post=799"},{"taxonomy":"product_brand","embeddable":true,"href":"https:\/\/decokoncept.pl\/de\/wp-json\/wp\/v2\/product_brand?post=799"},{"taxonomy":"product_cat","embeddable":true,"href":"https:\/\/decokoncept.pl\/de\/wp-json\/wp\/v2\/product_cat?post=799"},{"taxonomy":"product_tag","embeddable":true,"href":"https:\/\/decokoncept.pl\/de\/wp-json\/wp\/v2\/product_tag?post=799"}],"curies":[{"name":"wp","href":"https:\/\/api.w.org\/{rel}","templated":true}]}}