{"id":747,"date":"2025-04-11T12:01:43","date_gmt":"2025-04-11T10:01:43","guid":{"rendered":"https:\/\/decokoncept.pl\/?post_type=product&#038;p=747"},"modified":"2025-04-26T00:13:18","modified_gmt":"2025-04-25T22:13:18","slug":"c%c2%b2-fugenfullung","status":"publish","type":"product","link":"https:\/\/decokoncept.pl\/de\/produkt\/c%c2%b2-fugenfullung\/","title":{"rendered":"C\u00b2 Fugenf\u00fcller"},"content":{"rendered":"","protected":false},"excerpt":{"rendered":"<p>C2 Joint Fill ist ein schnell trocknender Polyurethan-Fugenf\u00fcller f\u00fcr Betonb\u00f6den. Es ist ein Produkt mit einem Feststoffgehalt von 100%, das nach dem Aush\u00e4rten eine graue, gummiartige Masse mit hoher H\u00e4rte bildet<\/p>","protected":false},"featured_media":741,"template":"","format":"standard","meta":{"_acf_changed":false},"tag-konfiguratora":[],"product_brand":[],"product_cat":[149],"product_tag":[],"class_list":{"0":"post-747","1":"product","2":"type-product","3":"status-publish","4":"format-standard","5":"has-post-thumbnail","7":"product_cat-dylatacje","9":"first","10":"instock","11":"taxable","12":"shipping-taxable","13":"purchasable","14":"product-type-variable"},"acf":[],"_links":{"self":[{"href":"https:\/\/decokoncept.pl\/de\/wp-json\/wp\/v2\/product\/747","targetHints":{"allow":["GET"]}}],"collection":[{"href":"https:\/\/decokoncept.pl\/de\/wp-json\/wp\/v2\/product"}],"about":[{"href":"https:\/\/decokoncept.pl\/de\/wp-json\/wp\/v2\/types\/product"}],"wp:featuredmedia":[{"embeddable":true,"href":"https:\/\/decokoncept.pl\/de\/wp-json\/wp\/v2\/media\/741"}],"wp:attachment":[{"href":"https:\/\/decokoncept.pl\/de\/wp-json\/wp\/v2\/media?parent=747"}],"wp:term":[{"taxonomy":"tag-konfiguratora","embeddable":true,"href":"https:\/\/decokoncept.pl\/de\/wp-json\/wp\/v2\/tag-konfiguratora?post=747"},{"taxonomy":"product_brand","embeddable":true,"href":"https:\/\/decokoncept.pl\/de\/wp-json\/wp\/v2\/product_brand?post=747"},{"taxonomy":"product_cat","embeddable":true,"href":"https:\/\/decokoncept.pl\/de\/wp-json\/wp\/v2\/product_cat?post=747"},{"taxonomy":"product_tag","embeddable":true,"href":"https:\/\/decokoncept.pl\/de\/wp-json\/wp\/v2\/product_tag?post=747"}],"curies":[{"name":"wp","href":"https:\/\/api.w.org\/{rel}","templated":true}]}}