{"id":633,"date":"2025-04-02T14:38:01","date_gmt":"2025-04-02T12:38:01","guid":{"rendered":"https:\/\/decokoncept.pl\/produkt\/opryskiwacz-cisnieniowy-132-litra\/"},"modified":"2025-04-02T14:38:01","modified_gmt":"2025-04-02T12:38:01","slug":"132-liter-druckspruhgerat","status":"publish","type":"product","link":"https:\/\/decokoncept.pl\/de\/produkt\/132-liter-druckspruhgerat\/","title":{"rendered":"Druckspr\u00fcher (13,2 Liter)"},"content":{"rendered":"","protected":false},"excerpt":{"rendered":"<p>Odporno\u015b\u0107 na najbardziej ekstremalne chemikalia i wysokie st\u0119\u017cenia acetonu, nafty, ksylen\u00f3w i toluenu.<br \/>\nMetalowy ergonomiczny uchwyt<br \/>\nULEPSZONY w\u0105\u017c odporny na chemikalia \u2013 odporny na dzia\u0142anie chemikali\u00f3w, zgniatanie, p\u0119kanie i przeciekanie<br \/>\nEkskluzywna stal powlekana TRI-POXY dla potr\u00f3jnej ochrony przed korozj\u0105, rdz\u0105 i uszkodzeniami od wgniece\u0144<br \/>\nKabura utrzymuje ko\u0144c\u00f3wki zaworu odcinaj\u0105cego na miejscu<\/p>","protected":false},"featured_media":533,"template":"","format":"standard","meta":{"_acf_changed":false},"tag-konfiguratora":[],"product_brand":[],"product_cat":[40],"product_tag":[],"class_list":{"0":"post-633","1":"product","2":"type-product","3":"status-publish","4":"format-standard","5":"has-post-thumbnail","7":"product_cat-akcesoria","9":"first","10":"instock","11":"taxable","12":"shipping-taxable","13":"purchasable","14":"product-type-simple"},"acf":[],"_links":{"self":[{"href":"https:\/\/decokoncept.pl\/de\/wp-json\/wp\/v2\/product\/633","targetHints":{"allow":["GET"]}}],"collection":[{"href":"https:\/\/decokoncept.pl\/de\/wp-json\/wp\/v2\/product"}],"about":[{"href":"https:\/\/decokoncept.pl\/de\/wp-json\/wp\/v2\/types\/product"}],"wp:featuredmedia":[{"embeddable":true,"href":"https:\/\/decokoncept.pl\/de\/wp-json\/wp\/v2\/media\/533"}],"wp:attachment":[{"href":"https:\/\/decokoncept.pl\/de\/wp-json\/wp\/v2\/media?parent=633"}],"wp:term":[{"taxonomy":"tag-konfiguratora","embeddable":true,"href":"https:\/\/decokoncept.pl\/de\/wp-json\/wp\/v2\/tag-konfiguratora?post=633"},{"taxonomy":"product_brand","embeddable":true,"href":"https:\/\/decokoncept.pl\/de\/wp-json\/wp\/v2\/product_brand?post=633"},{"taxonomy":"product_cat","embeddable":true,"href":"https:\/\/decokoncept.pl\/de\/wp-json\/wp\/v2\/product_cat?post=633"},{"taxonomy":"product_tag","embeddable":true,"href":"https:\/\/decokoncept.pl\/de\/wp-json\/wp\/v2\/product_tag?post=633"}],"curies":[{"name":"wp","href":"https:\/\/api.w.org\/{rel}","templated":true}]}}