{"id":632,"date":"2025-04-02T14:38:01","date_gmt":"2025-04-02T12:38:01","guid":{"rendered":"https:\/\/decokoncept.pl\/produkt\/opryskiwacz-cisnieniowy-114-litra\/"},"modified":"2025-04-29T20:46:07","modified_gmt":"2025-04-29T18:46:07","slug":"114-liter-druckspruhgerat","status":"publish","type":"product","link":"https:\/\/decokoncept.pl\/de\/produkt\/114-liter-druckspruhgerat\/","title":{"rendered":"Druckspr\u00fcher (11,4 Liter)"},"content":{"rendered":"","protected":false},"excerpt":{"rendered":"<p>Odporno\u015b\u0107 na wi\u0119kszo\u015b\u0107 chemikali\u00f3w i wysokie st\u0119\u017cenia acetonu, nafty, ksylen\u00f3w i toluenu.<br \/>\nMetalowy uchwyt w kszta\u0142cie litery D<br \/>\nSzeroki otw\u00f3r wlewowy<br \/>\nULEPSZONY w\u0105\u017c odporny na chemikalia \u2013 odporny na dzia\u0142anie chemikali\u00f3w, zgniatanie, p\u0119kanie i przeciekanie<br \/>\nOdpowiedni do st\u0119\u017ce\u0144 acetonu do 80%<\/p>","protected":false},"featured_media":532,"template":"","format":"standard","meta":{"_acf_changed":false},"tag-konfiguratora":[],"product_brand":[],"product_cat":[40],"product_tag":[],"class_list":{"0":"post-632","1":"product","2":"type-product","3":"status-publish","4":"format-standard","5":"has-post-thumbnail","7":"product_cat-akcesoria","9":"first","10":"instock","11":"taxable","12":"shipping-taxable","13":"purchasable","14":"product-type-simple"},"acf":[],"_links":{"self":[{"href":"https:\/\/decokoncept.pl\/de\/wp-json\/wp\/v2\/product\/632","targetHints":{"allow":["GET"]}}],"collection":[{"href":"https:\/\/decokoncept.pl\/de\/wp-json\/wp\/v2\/product"}],"about":[{"href":"https:\/\/decokoncept.pl\/de\/wp-json\/wp\/v2\/types\/product"}],"wp:featuredmedia":[{"embeddable":true,"href":"https:\/\/decokoncept.pl\/de\/wp-json\/wp\/v2\/media\/532"}],"wp:attachment":[{"href":"https:\/\/decokoncept.pl\/de\/wp-json\/wp\/v2\/media?parent=632"}],"wp:term":[{"taxonomy":"tag-konfiguratora","embeddable":true,"href":"https:\/\/decokoncept.pl\/de\/wp-json\/wp\/v2\/tag-konfiguratora?post=632"},{"taxonomy":"product_brand","embeddable":true,"href":"https:\/\/decokoncept.pl\/de\/wp-json\/wp\/v2\/product_brand?post=632"},{"taxonomy":"product_cat","embeddable":true,"href":"https:\/\/decokoncept.pl\/de\/wp-json\/wp\/v2\/product_cat?post=632"},{"taxonomy":"product_tag","embeddable":true,"href":"https:\/\/decokoncept.pl\/de\/wp-json\/wp\/v2\/product_tag?post=632"}],"curies":[{"name":"wp","href":"https:\/\/api.w.org\/{rel}","templated":true}]}}