{"id":624,"date":"2025-04-02T14:37:58","date_gmt":"2025-04-02T12:37:58","guid":{"rendered":"https:\/\/decokoncept.pl\/produkt\/c%c2%b2-diamonds\/"},"modified":"2025-04-29T19:02:22","modified_gmt":"2025-04-29T17:02:22","slug":"diamantkissen","status":"publish","type":"product","link":"https:\/\/decokoncept.pl\/de\/produkt\/diamantkissen\/","title":{"rendered":"Diamant-Pad"},"content":{"rendered":"<p>Selbst die gr\u00f6\u00dften und am st\u00e4rksten beanspruchten B\u00f6den sind keine Herausforderung f\u00fcr das C2 Diamant-impr\u00e4gnierte Pad. Sie brauchen Ihr Reinigungs- oder Polierprogramm nicht zu \u00e4ndern - legen Sie einfach das richtige C2-Pad auf Ihre automatische Scheuersaugmaschine oder Poliermaschine und legen Sie los!<\/p>\n<p>Hochwertige diamantdotierte Pads sind ein wichtiges Werkzeug zum Reinigen und Polieren. Unsere C2 DIP-Pads halten aufgrund der tieferen Diamantimpr\u00e4gnierung in der Pad-Struktur selbst etwa 40% l\u00e4nger als Standard-Pads. Wir bieten C2 diamantimpr\u00e4gnierte Pads in Abstufungen von 200, 400, 800, 1500 und 3000 an.<\/p>","protected":false},"excerpt":{"rendered":"<h6 style=\"color:#ff8c00;\">Die haltbarsten Diamantpads auf dem Markt!<\/h6>","protected":false},"featured_media":522,"template":"","format":"standard","meta":{"_acf_changed":false},"tag-konfiguratora":[],"product_brand":[],"product_cat":[112],"product_tag":[],"class_list":{"0":"post-624","1":"product","2":"type-product","3":"status-publish","4":"format-standard","5":"has-post-thumbnail","7":"product_cat-narzedzia-diamentowe","9":"first","10":"instock","11":"taxable","12":"shipping-taxable","13":"purchasable","14":"product-type-variable"},"acf":[],"_links":{"self":[{"href":"https:\/\/decokoncept.pl\/de\/wp-json\/wp\/v2\/product\/624","targetHints":{"allow":["GET"]}}],"collection":[{"href":"https:\/\/decokoncept.pl\/de\/wp-json\/wp\/v2\/product"}],"about":[{"href":"https:\/\/decokoncept.pl\/de\/wp-json\/wp\/v2\/types\/product"}],"wp:featuredmedia":[{"embeddable":true,"href":"https:\/\/decokoncept.pl\/de\/wp-json\/wp\/v2\/media\/522"}],"wp:attachment":[{"href":"https:\/\/decokoncept.pl\/de\/wp-json\/wp\/v2\/media?parent=624"}],"wp:term":[{"taxonomy":"tag-konfiguratora","embeddable":true,"href":"https:\/\/decokoncept.pl\/de\/wp-json\/wp\/v2\/tag-konfiguratora?post=624"},{"taxonomy":"product_brand","embeddable":true,"href":"https:\/\/decokoncept.pl\/de\/wp-json\/wp\/v2\/product_brand?post=624"},{"taxonomy":"product_cat","embeddable":true,"href":"https:\/\/decokoncept.pl\/de\/wp-json\/wp\/v2\/product_cat?post=624"},{"taxonomy":"product_tag","embeddable":true,"href":"https:\/\/decokoncept.pl\/de\/wp-json\/wp\/v2\/product_tag?post=624"}],"curies":[{"name":"wp","href":"https:\/\/api.w.org\/{rel}","templated":true}]}}