{"id":601,"date":"2025-04-02T14:37:56","date_gmt":"2025-04-02T12:37:56","guid":{"rendered":"https:\/\/decokoncept.pl\/produkt\/kij-teleskopowy-aluminiowy\/"},"modified":"2025-04-17T13:06:34","modified_gmt":"2025-04-17T11:06:34","slug":"aluminium-teleskopstange","status":"publish","type":"product","link":"https:\/\/decokoncept.pl\/de\/produkt\/aluminium-teleskopstange\/","title":{"rendered":"Aluminium-Teleskopstange"},"content":{"rendered":"","protected":false},"excerpt":{"rendered":"<p>Die Aluminium-Teleskopstange l\u00e4sst sich perfekt mit Klettrahmen kombinieren, so dass die L\u00e4nge leicht an die K\u00f6rpergr\u00f6\u00dfe des Bedieners und die Art der Aufgabe angepasst werden kann.<\/p>","protected":false},"featured_media":529,"template":"","format":"standard","meta":{"_acf_changed":false},"tag-konfiguratora":[],"product_brand":[],"product_cat":[40],"product_tag":[],"class_list":{"0":"post-601","1":"product","2":"type-product","3":"status-publish","4":"format-standard","5":"has-post-thumbnail","7":"product_cat-akcesoria","9":"first","10":"instock","11":"taxable","12":"shipping-taxable","13":"purchasable","14":"product-type-simple"},"acf":[],"_links":{"self":[{"href":"https:\/\/decokoncept.pl\/de\/wp-json\/wp\/v2\/product\/601","targetHints":{"allow":["GET"]}}],"collection":[{"href":"https:\/\/decokoncept.pl\/de\/wp-json\/wp\/v2\/product"}],"about":[{"href":"https:\/\/decokoncept.pl\/de\/wp-json\/wp\/v2\/types\/product"}],"wp:featuredmedia":[{"embeddable":true,"href":"https:\/\/decokoncept.pl\/de\/wp-json\/wp\/v2\/media\/529"}],"wp:attachment":[{"href":"https:\/\/decokoncept.pl\/de\/wp-json\/wp\/v2\/media?parent=601"}],"wp:term":[{"taxonomy":"tag-konfiguratora","embeddable":true,"href":"https:\/\/decokoncept.pl\/de\/wp-json\/wp\/v2\/tag-konfiguratora?post=601"},{"taxonomy":"product_brand","embeddable":true,"href":"https:\/\/decokoncept.pl\/de\/wp-json\/wp\/v2\/product_brand?post=601"},{"taxonomy":"product_cat","embeddable":true,"href":"https:\/\/decokoncept.pl\/de\/wp-json\/wp\/v2\/product_cat?post=601"},{"taxonomy":"product_tag","embeddable":true,"href":"https:\/\/decokoncept.pl\/de\/wp-json\/wp\/v2\/product_tag?post=601"}],"curies":[{"name":"wp","href":"https:\/\/api.w.org\/{rel}","templated":true}]}}