{"id":592,"date":"2025-04-02T14:37:56","date_gmt":"2025-04-02T12:37:56","guid":{"rendered":"https:\/\/decokoncept.pl\/produkt\/mop-niebieski-mikrofibra\/"},"modified":"2025-04-17T13:05:07","modified_gmt":"2025-04-17T11:05:07","slug":"blauer-mikrofasermopp","status":"publish","type":"product","link":"https:\/\/decokoncept.pl\/de\/produkt\/blauer-mikrofasermopp\/","title":{"rendered":"Blauer Mikrofasermopp"},"content":{"rendered":"","protected":false},"excerpt":{"rendered":"<p>Der blaue Mikrofaserschwamm ist eine unverzichtbare L\u00f6sung f\u00fcr das pr\u00e4zise Auftragen von Impr\u00e4gniermitteln, Versiegelungen und anderen Produkten auf Industrieb\u00f6den. Dank seiner einzigartigen Struktur sorgt der Mopp f\u00fcr eine gleichm\u00e4\u00dfige Verteilung der Pr\u00e4parate auf gro\u00dfen Fl\u00e4chen, wodurch der Abfall minimiert und die Wirksamkeit maximiert wird.<\/p>","protected":false},"featured_media":530,"template":"","format":"standard","meta":{"_acf_changed":false},"tag-konfiguratora":[],"product_brand":[],"product_cat":[40],"product_tag":[],"class_list":{"0":"post-592","1":"product","2":"type-product","3":"status-publish","4":"format-standard","5":"has-post-thumbnail","7":"product_cat-akcesoria","9":"first","10":"instock","11":"taxable","12":"shipping-taxable","13":"purchasable","14":"product-type-variable","15":"has-default-attributes"},"acf":[],"_links":{"self":[{"href":"https:\/\/decokoncept.pl\/de\/wp-json\/wp\/v2\/product\/592","targetHints":{"allow":["GET"]}}],"collection":[{"href":"https:\/\/decokoncept.pl\/de\/wp-json\/wp\/v2\/product"}],"about":[{"href":"https:\/\/decokoncept.pl\/de\/wp-json\/wp\/v2\/types\/product"}],"wp:featuredmedia":[{"embeddable":true,"href":"https:\/\/decokoncept.pl\/de\/wp-json\/wp\/v2\/media\/530"}],"wp:attachment":[{"href":"https:\/\/decokoncept.pl\/de\/wp-json\/wp\/v2\/media?parent=592"}],"wp:term":[{"taxonomy":"tag-konfiguratora","embeddable":true,"href":"https:\/\/decokoncept.pl\/de\/wp-json\/wp\/v2\/tag-konfiguratora?post=592"},{"taxonomy":"product_brand","embeddable":true,"href":"https:\/\/decokoncept.pl\/de\/wp-json\/wp\/v2\/product_brand?post=592"},{"taxonomy":"product_cat","embeddable":true,"href":"https:\/\/decokoncept.pl\/de\/wp-json\/wp\/v2\/product_cat?post=592"},{"taxonomy":"product_tag","embeddable":true,"href":"https:\/\/decokoncept.pl\/de\/wp-json\/wp\/v2\/product_tag?post=592"}],"curies":[{"name":"wp","href":"https:\/\/api.w.org\/{rel}","templated":true}]}}