{"id":464,"date":"2025-02-07T11:08:54","date_gmt":"2025-02-07T10:08:54","guid":{"rendered":"https:\/\/decokoncept.pl\/produkt\/c%c2%b2-maintenance\/"},"modified":"2025-09-30T18:17:12","modified_gmt":"2025-09-30T16:17:12","slug":"c%c2%b2-wartung","status":"publish","type":"product","link":"https:\/\/decokoncept.pl\/de\/produkt\/c%c2%b2-wartung\/","title":{"rendered":"C\u00b2 Maintenance\u2122."},"content":{"rendered":"","protected":false},"excerpt":{"rendered":"<p>C\u00b2 Maintenance\u2122 ist ein Unterhaltsreiniger f\u00fcr Betonb\u00f6den, die mit Lithiumsilikat-Formulierungen ausgeh\u00e4rtet wurden. Es ist eine Mischung aus Entfettern und Reinigungsmitteln, die die h\u00e4ufigsten Flecken auf Betonb\u00f6den entfernt.<\/p>","protected":false},"featured_media":270,"template":"","format":"standard","meta":{"_acf_changed":false},"tag-konfiguratora":[69,78,99,97,71,84,94,42,72,45,46,44,43,47],"product_brand":[],"product_cat":[19],"product_tag":[],"class_list":{"0":"post-464","1":"product","2":"type-product","3":"status-publish","4":"format-standard","5":"has-post-thumbnail","7":"tag-konfiguratora-bezpieczenstwo-w-okresie-gwarancji","8":"tag-konfiguratora-bezpieczenstwo-gwarancji-pielegnacja","9":"tag-konfiguratora-spokoj-z-posadzka-betonowa","10":"tag-konfiguratora-spokoj-z-posadzka-dbaj-o-nia","11":"tag-konfiguratora-inwestor","12":"tag-konfiguratora-inwestor-renowacja-posadzki","13":"tag-konfiguratora-jeszcze-wyzszy-polysk-renowacja","14":"tag-konfiguratora-nowa-posadzka","15":"tag-konfiguratora-posadzka-betonowa-premium","16":"tag-konfiguratora-renowacja-posadzki","17":"tag-konfiguratora-wykonawca-polerowany-beton-renowacja-posadzki","18":"tag-konfiguratora-wykonawca-polerowany-beton","19":"tag-konfiguratora-wykonawca-posadzek-betonowych","20":"tag-konfiguratora-zarzadca-obiektu","21":"product_cat-pielegnacja-betonu","23":"first","24":"instock","25":"taxable","26":"shipping-taxable","27":"purchasable","28":"product-type-variable","29":"has-default-attributes"},"acf":[],"_links":{"self":[{"href":"https:\/\/decokoncept.pl\/de\/wp-json\/wp\/v2\/product\/464","targetHints":{"allow":["GET"]}}],"collection":[{"href":"https:\/\/decokoncept.pl\/de\/wp-json\/wp\/v2\/product"}],"about":[{"href":"https:\/\/decokoncept.pl\/de\/wp-json\/wp\/v2\/types\/product"}],"wp:featuredmedia":[{"embeddable":true,"href":"https:\/\/decokoncept.pl\/de\/wp-json\/wp\/v2\/media\/270"}],"wp:attachment":[{"href":"https:\/\/decokoncept.pl\/de\/wp-json\/wp\/v2\/media?parent=464"}],"wp:term":[{"taxonomy":"tag-konfiguratora","embeddable":true,"href":"https:\/\/decokoncept.pl\/de\/wp-json\/wp\/v2\/tag-konfiguratora?post=464"},{"taxonomy":"product_brand","embeddable":true,"href":"https:\/\/decokoncept.pl\/de\/wp-json\/wp\/v2\/product_brand?post=464"},{"taxonomy":"product_cat","embeddable":true,"href":"https:\/\/decokoncept.pl\/de\/wp-json\/wp\/v2\/product_cat?post=464"},{"taxonomy":"product_tag","embeddable":true,"href":"https:\/\/decokoncept.pl\/de\/wp-json\/wp\/v2\/product_tag?post=464"}],"curies":[{"name":"wp","href":"https:\/\/api.w.org\/{rel}","templated":true}]}}