{"id":460,"date":"2025-02-07T11:08:52","date_gmt":"2025-02-07T10:08:52","guid":{"rendered":"https:\/\/decokoncept.pl\/produkt\/c%c2%b2-clean\/"},"modified":"2025-03-07T10:56:07","modified_gmt":"2025-03-07T09:56:07","slug":"c%c2%b2-sauber","status":"publish","type":"product","link":"https:\/\/decokoncept.pl\/de\/produkt\/c%c2%b2-sauber\/","title":{"rendered":"C\u00b2 Clean\u2122."},"content":{"rendered":"","protected":false},"excerpt":{"rendered":"<p>C\u00b2 Clean\u2122 entfernt die h\u00e4ufigsten Verschmutzungen, desinfiziert die Oberfl\u00e4che und konserviert sie. Entwickelt f\u00fcr die t\u00e4gliche Bodenpflege.<\/p>","protected":false},"featured_media":254,"template":"","format":"standard","meta":{"_acf_changed":false},"tag-konfiguratora":[69,78,99,97,84,94,42,45,46,44,43,47],"product_brand":[],"product_cat":[19],"product_tag":[],"class_list":{"0":"post-460","1":"product","2":"type-product","3":"status-publish","4":"format-standard","5":"has-post-thumbnail","7":"tag-konfiguratora-bezpieczenstwo-w-okresie-gwarancji","8":"tag-konfiguratora-bezpieczenstwo-gwarancji-pielegnacja","9":"tag-konfiguratora-spokoj-z-posadzka-betonowa","10":"tag-konfiguratora-spokoj-z-posadzka-dbaj-o-nia","11":"tag-konfiguratora-inwestor-renowacja-posadzki","12":"tag-konfiguratora-jeszcze-wyzszy-polysk-renowacja","13":"tag-konfiguratora-nowa-posadzka","14":"tag-konfiguratora-renowacja-posadzki","15":"tag-konfiguratora-wykonawca-polerowany-beton-renowacja-posadzki","16":"tag-konfiguratora-wykonawca-polerowany-beton","17":"tag-konfiguratora-wykonawca-posadzek-betonowych","18":"tag-konfiguratora-zarzadca-obiektu","19":"product_cat-pielegnacja-betonu","21":"first","22":"instock","23":"taxable","24":"shipping-taxable","25":"purchasable","26":"product-type-variable","27":"has-default-attributes"},"acf":[],"_links":{"self":[{"href":"https:\/\/decokoncept.pl\/de\/wp-json\/wp\/v2\/product\/460","targetHints":{"allow":["GET"]}}],"collection":[{"href":"https:\/\/decokoncept.pl\/de\/wp-json\/wp\/v2\/product"}],"about":[{"href":"https:\/\/decokoncept.pl\/de\/wp-json\/wp\/v2\/types\/product"}],"wp:featuredmedia":[{"embeddable":true,"href":"https:\/\/decokoncept.pl\/de\/wp-json\/wp\/v2\/media\/254"}],"wp:attachment":[{"href":"https:\/\/decokoncept.pl\/de\/wp-json\/wp\/v2\/media?parent=460"}],"wp:term":[{"taxonomy":"tag-konfiguratora","embeddable":true,"href":"https:\/\/decokoncept.pl\/de\/wp-json\/wp\/v2\/tag-konfiguratora?post=460"},{"taxonomy":"product_brand","embeddable":true,"href":"https:\/\/decokoncept.pl\/de\/wp-json\/wp\/v2\/product_brand?post=460"},{"taxonomy":"product_cat","embeddable":true,"href":"https:\/\/decokoncept.pl\/de\/wp-json\/wp\/v2\/product_cat?post=460"},{"taxonomy":"product_tag","embeddable":true,"href":"https:\/\/decokoncept.pl\/de\/wp-json\/wp\/v2\/product_tag?post=460"}],"curies":[{"name":"wp","href":"https:\/\/api.w.org\/{rel}","templated":true}]}}