{"id":457,"date":"2025-02-07T11:08:52","date_gmt":"2025-02-07T10:08:52","guid":{"rendered":"https:\/\/decokoncept.pl\/produkt\/c%c2%b2-wash\/"},"modified":"2025-05-28T08:15:04","modified_gmt":"2025-05-28T06:15:04","slug":"c%c2%b2-waschen","status":"publish","type":"product","link":"https:\/\/decokoncept.pl\/de\/produkt\/c%c2%b2-waschen\/","title":{"rendered":"C\u00b2 Wash\u2122"},"content":{"rendered":"","protected":false},"excerpt":{"rendered":"<p>C\u00b2 Wash\u2122 entfernt Zementschleier und R\u00fcckst\u00e4nde von Oberfl\u00e4chensalzen, die h\u00e4ufig bei Aush\u00e4rtungsprozessen entstehen. Es beseitigt hartn\u00e4ckige Verf\u00e4rbungen, die bisher nur durch Schleifen entfernt werden konnten.<\/p>","protected":false},"featured_media":516,"template":"","format":"standard","meta":{"_acf_changed":false},"tag-konfiguratora":[73,85,102,104,96,80,75,42,76,103,48,45,46,44,43],"product_brand":[],"product_cat":[15],"product_tag":[],"class_list":{"0":"post-457","1":"product","2":"type-product","3":"status-publish","4":"format-standard","5":"has-post-thumbnail","7":"tag-konfiguratora-generalny-wykonawca","8":"tag-konfiguratora-generalny-wykonawca-renowacja-posadzki","9":"tag-konfiguratora-problem-z-odbiorem-przebarwien-po-folii","10":"tag-konfiguratora-klient-nie-akceptuje-przebarwien-wykonawca","11":"tag-konfiguratora-masz-problem-z-odbiorem-przebarwien-po-folii","12":"tag-konfiguratora-klient-nie-akceptuje-wykonawca","13":"tag-konfiguratora-klient-nie-akceptuje-przebarwien-po-folii","14":"tag-konfiguratora-nowa-posadzka","15":"tag-konfiguratora-posadzka-brudna-po-budowie-duzo-sladow","16":"tag-konfiguratora-posadzka-brudna-po-budowie","17":"tag-konfiguratora-przebarwienia-po-folii","18":"tag-konfiguratora-renowacja-posadzki","19":"tag-konfiguratora-wykonawca-polerowany-beton-renowacja-posadzki","20":"tag-konfiguratora-wykonawca-polerowany-beton","21":"tag-konfiguratora-wykonawca-posadzek-betonowych","22":"product_cat-przygotowanie-betonu","24":"first","25":"instock","26":"taxable","27":"shipping-taxable","28":"purchasable","29":"product-type-variable","30":"has-default-attributes"},"acf":[],"_links":{"self":[{"href":"https:\/\/decokoncept.pl\/de\/wp-json\/wp\/v2\/product\/457","targetHints":{"allow":["GET"]}}],"collection":[{"href":"https:\/\/decokoncept.pl\/de\/wp-json\/wp\/v2\/product"}],"about":[{"href":"https:\/\/decokoncept.pl\/de\/wp-json\/wp\/v2\/types\/product"}],"wp:featuredmedia":[{"embeddable":true,"href":"https:\/\/decokoncept.pl\/de\/wp-json\/wp\/v2\/media\/516"}],"wp:attachment":[{"href":"https:\/\/decokoncept.pl\/de\/wp-json\/wp\/v2\/media?parent=457"}],"wp:term":[{"taxonomy":"tag-konfiguratora","embeddable":true,"href":"https:\/\/decokoncept.pl\/de\/wp-json\/wp\/v2\/tag-konfiguratora?post=457"},{"taxonomy":"product_brand","embeddable":true,"href":"https:\/\/decokoncept.pl\/de\/wp-json\/wp\/v2\/product_brand?post=457"},{"taxonomy":"product_cat","embeddable":true,"href":"https:\/\/decokoncept.pl\/de\/wp-json\/wp\/v2\/product_cat?post=457"},{"taxonomy":"product_tag","embeddable":true,"href":"https:\/\/decokoncept.pl\/de\/wp-json\/wp\/v2\/product_tag?post=457"}],"curies":[{"name":"wp","href":"https:\/\/api.w.org\/{rel}","templated":true}]}}