{"id":451,"date":"2025-02-07T11:08:52","date_gmt":"2025-02-07T10:08:52","guid":{"rendered":"https:\/\/decokoncept.pl\/produkt\/c%c2%b2-safe-prep\/"},"modified":"2025-03-07T10:49:42","modified_gmt":"2025-03-07T09:49:42","slug":"c%c2%b2-sichere-vorbereitung","status":"publish","type":"product","link":"https:\/\/decokoncept.pl\/de\/produkt\/c%c2%b2-sichere-vorbereitung\/","title":{"rendered":"C\u00b2 Safe Prep\u2122"},"content":{"rendered":"","protected":false},"excerpt":{"rendered":"<p>C\u00b2 Safe Prep\u2122 usuwa osadzony olej, t\u0142uszcz, nadmiar zaprawy i wykwity,rozpuszcza niewielk\u0105 ilo\u015b\u0107 cementu<br \/>\npowierzchniowego pozostawiaj\u0105c kruszywo<br \/>\n nietkni\u0119te, idealnie przygotowuje powierzchni\u0119 przed nak\u0142adaniem dodatkowych pow\u0142ok.<\/p>","protected":false},"featured_media":279,"template":"","format":"standard","meta":{"_acf_changed":false},"tag-konfiguratora":[87,63,42,45,46,44],"product_brand":[],"product_cat":[15],"product_tag":[],"class_list":{"0":"post-451","1":"product","2":"type-product","3":"status-publish","4":"format-standard","5":"has-post-thumbnail","7":"tag-konfiguratora-bezpieczne-usuniecie-mleczka","8":"tag-konfiguratora-bezpieczne-usuniecie-mleczka-cementowego","9":"tag-konfiguratora-nowa-posadzka","10":"tag-konfiguratora-renowacja-posadzki","11":"tag-konfiguratora-wykonawca-polerowany-beton-renowacja-posadzki","12":"tag-konfiguratora-wykonawca-polerowany-beton","13":"product_cat-przygotowanie-betonu","15":"first","16":"instock","17":"taxable","18":"shipping-taxable","19":"purchasable","20":"product-type-variable","21":"has-default-attributes"},"acf":[],"_links":{"self":[{"href":"https:\/\/decokoncept.pl\/de\/wp-json\/wp\/v2\/product\/451","targetHints":{"allow":["GET"]}}],"collection":[{"href":"https:\/\/decokoncept.pl\/de\/wp-json\/wp\/v2\/product"}],"about":[{"href":"https:\/\/decokoncept.pl\/de\/wp-json\/wp\/v2\/types\/product"}],"wp:featuredmedia":[{"embeddable":true,"href":"https:\/\/decokoncept.pl\/de\/wp-json\/wp\/v2\/media\/279"}],"wp:attachment":[{"href":"https:\/\/decokoncept.pl\/de\/wp-json\/wp\/v2\/media?parent=451"}],"wp:term":[{"taxonomy":"tag-konfiguratora","embeddable":true,"href":"https:\/\/decokoncept.pl\/de\/wp-json\/wp\/v2\/tag-konfiguratora?post=451"},{"taxonomy":"product_brand","embeddable":true,"href":"https:\/\/decokoncept.pl\/de\/wp-json\/wp\/v2\/product_brand?post=451"},{"taxonomy":"product_cat","embeddable":true,"href":"https:\/\/decokoncept.pl\/de\/wp-json\/wp\/v2\/product_cat?post=451"},{"taxonomy":"product_tag","embeddable":true,"href":"https:\/\/decokoncept.pl\/de\/wp-json\/wp\/v2\/product_tag?post=451"}],"curies":[{"name":"wp","href":"https:\/\/api.w.org\/{rel}","templated":true}]}}