{"id":448,"date":"2025-02-07T11:08:52","date_gmt":"2025-02-07T10:08:52","guid":{"rendered":"https:\/\/decokoncept.pl\/produkt\/c%c2%b2-remove\/"},"modified":"2025-02-07T11:08:53","modified_gmt":"2025-02-07T10:08:53","slug":"c%c2%b2-entfernen","status":"publish","type":"product","link":"https:\/\/decokoncept.pl\/de\/produkt\/c%c2%b2-entfernen\/","title":{"rendered":"C\u00b2 Entfernen\u2122"},"content":{"rendered":"","protected":false},"excerpt":{"rendered":"<p>Ohne Schleifen entfernt C\u00b2 Remove\u2122 Wachse, Acrylate und andere Schichten vom Beton, die mit herk\u00f6mmlichen Reinigungsmitteln nur schwer zu entfernen sind. Das Ergebnis ist sauberer Beton, der f\u00fcr die Verwendung von H\u00e4rtern, Farbstoffen, Impr\u00e4gnierungen oder zum Polieren bereit ist.<\/p>","protected":false},"featured_media":277,"template":"","format":"standard","meta":{"_acf_changed":false},"tag-konfiguratora":[],"product_brand":[],"product_cat":[15],"product_tag":[],"class_list":{"0":"post-448","1":"product","2":"type-product","3":"status-publish","4":"format-standard","5":"has-post-thumbnail","7":"product_cat-przygotowanie-betonu","9":"first","10":"instock","11":"taxable","12":"shipping-taxable","13":"purchasable","14":"product-type-variable","15":"has-default-attributes"},"acf":[],"_links":{"self":[{"href":"https:\/\/decokoncept.pl\/de\/wp-json\/wp\/v2\/product\/448","targetHints":{"allow":["GET"]}}],"collection":[{"href":"https:\/\/decokoncept.pl\/de\/wp-json\/wp\/v2\/product"}],"about":[{"href":"https:\/\/decokoncept.pl\/de\/wp-json\/wp\/v2\/types\/product"}],"wp:featuredmedia":[{"embeddable":true,"href":"https:\/\/decokoncept.pl\/de\/wp-json\/wp\/v2\/media\/277"}],"wp:attachment":[{"href":"https:\/\/decokoncept.pl\/de\/wp-json\/wp\/v2\/media?parent=448"}],"wp:term":[{"taxonomy":"tag-konfiguratora","embeddable":true,"href":"https:\/\/decokoncept.pl\/de\/wp-json\/wp\/v2\/tag-konfiguratora?post=448"},{"taxonomy":"product_brand","embeddable":true,"href":"https:\/\/decokoncept.pl\/de\/wp-json\/wp\/v2\/product_brand?post=448"},{"taxonomy":"product_cat","embeddable":true,"href":"https:\/\/decokoncept.pl\/de\/wp-json\/wp\/v2\/product_cat?post=448"},{"taxonomy":"product_tag","embeddable":true,"href":"https:\/\/decokoncept.pl\/de\/wp-json\/wp\/v2\/product_tag?post=448"}],"curies":[{"name":"wp","href":"https:\/\/api.w.org\/{rel}","templated":true}]}}