{"id":431,"date":"2025-02-07T11:08:50","date_gmt":"2025-02-07T10:08:50","guid":{"rendered":"https:\/\/decokoncept.pl\/produkt\/c%c2%b2-protector\/"},"modified":"2025-10-20T12:20:03","modified_gmt":"2025-10-20T10:20:03","slug":"c%c2%b2-beschutzer","status":"publish","type":"product","link":"https:\/\/decokoncept.pl\/de\/produkt\/c%c2%b2-beschutzer\/","title":{"rendered":"C\u00b2 Protector\u2122"},"content":{"rendered":"","protected":false},"excerpt":{"rendered":"<p>C\u00b2 Protector\u2122 bildet eine Schutzschicht, die die Widerstandsf\u00e4higkeit des Betons gegen Abrieb, Kratzer und andere mechanische Besch\u00e4digungen sowie gegen Wasser, Chemikalien, \u00d6le und andere Substanzen, die Sch\u00e4den verursachen k\u00f6nnen, erh\u00f6ht. Es verleiht der Oberfl\u00e4che Gl\u00e4tte und macht sie leicht zu reinigen.<\/p>","protected":false},"featured_media":276,"template":"","format":"standard","meta":{"_acf_changed":false},"tag-konfiguratora":[],"product_brand":[],"product_cat":[18],"product_tag":[],"class_list":{"0":"post-431","1":"product","2":"type-product","3":"status-publish","4":"format-standard","5":"has-post-thumbnail","7":"product_cat-ochrona-betonu","9":"first","10":"instock","11":"taxable","12":"shipping-taxable","13":"purchasable","14":"product-type-variable","15":"has-default-attributes"},"acf":[],"_links":{"self":[{"href":"https:\/\/decokoncept.pl\/de\/wp-json\/wp\/v2\/product\/431","targetHints":{"allow":["GET"]}}],"collection":[{"href":"https:\/\/decokoncept.pl\/de\/wp-json\/wp\/v2\/product"}],"about":[{"href":"https:\/\/decokoncept.pl\/de\/wp-json\/wp\/v2\/types\/product"}],"wp:featuredmedia":[{"embeddable":true,"href":"https:\/\/decokoncept.pl\/de\/wp-json\/wp\/v2\/media\/276"}],"wp:attachment":[{"href":"https:\/\/decokoncept.pl\/de\/wp-json\/wp\/v2\/media?parent=431"}],"wp:term":[{"taxonomy":"tag-konfiguratora","embeddable":true,"href":"https:\/\/decokoncept.pl\/de\/wp-json\/wp\/v2\/tag-konfiguratora?post=431"},{"taxonomy":"product_brand","embeddable":true,"href":"https:\/\/decokoncept.pl\/de\/wp-json\/wp\/v2\/product_brand?post=431"},{"taxonomy":"product_cat","embeddable":true,"href":"https:\/\/decokoncept.pl\/de\/wp-json\/wp\/v2\/product_cat?post=431"},{"taxonomy":"product_tag","embeddable":true,"href":"https:\/\/decokoncept.pl\/de\/wp-json\/wp\/v2\/product_tag?post=431"}],"curies":[{"name":"wp","href":"https:\/\/api.w.org\/{rel}","templated":true}]}}