{"id":428,"date":"2025-02-07T11:08:50","date_gmt":"2025-02-07T10:08:50","guid":{"rendered":"https:\/\/decokoncept.pl\/produkt\/c%c2%b2-salt-safe\/"},"modified":"2025-10-20T13:02:20","modified_gmt":"2025-10-20T11:02:20","slug":"c%c2%b2-salzsicher","status":"publish","type":"product","link":"https:\/\/decokoncept.pl\/de\/produkt\/c%c2%b2-salzsicher\/","title":{"rendered":"C\u00b2 Salt Safe\u2122"},"content":{"rendered":"","protected":false},"excerpt":{"rendered":"<p>C\u00b2 Salt Safe\u2122 sch\u00fctzt Beton vor Feuchtigkeit und Chlorsalzen, die Oberfl\u00e4chenkorrosion und Abbl\u00e4ttern verursachen k\u00f6nnen. Eine ideale Formulierung f\u00fcr den Schutz von Betonstrukturen im Au\u00dfenbereich. Au\u00dferdem sch\u00fctzt es den Beton vor UV-Strahlung und verhindert so das Ausbleichen und die Besch\u00e4digung der Oberfl\u00e4che.<\/p>","protected":false},"featured_media":284,"template":"","format":"standard","meta":{"_acf_changed":false},"tag-konfiguratora":[42,82,43,81],"product_brand":[],"product_cat":[18],"product_tag":[],"class_list":{"0":"post-428","1":"product","2":"type-product","3":"status-publish","4":"format-standard","5":"has-post-thumbnail","7":"tag-konfiguratora-nowa-posadzka","8":"tag-konfiguratora-posadzka-narazona-jest-na-zabrudzenia","9":"tag-konfiguratora-wykonawca-posadzek-betonowych","10":"tag-konfiguratora-wykonuja-posadze-w-garazu-w-miejscu","11":"product_cat-ochrona-betonu","13":"first","14":"instock","15":"taxable","16":"shipping-taxable","17":"purchasable","18":"product-type-variable"},"acf":[],"_links":{"self":[{"href":"https:\/\/decokoncept.pl\/de\/wp-json\/wp\/v2\/product\/428","targetHints":{"allow":["GET"]}}],"collection":[{"href":"https:\/\/decokoncept.pl\/de\/wp-json\/wp\/v2\/product"}],"about":[{"href":"https:\/\/decokoncept.pl\/de\/wp-json\/wp\/v2\/types\/product"}],"wp:featuredmedia":[{"embeddable":true,"href":"https:\/\/decokoncept.pl\/de\/wp-json\/wp\/v2\/media\/284"}],"wp:attachment":[{"href":"https:\/\/decokoncept.pl\/de\/wp-json\/wp\/v2\/media?parent=428"}],"wp:term":[{"taxonomy":"tag-konfiguratora","embeddable":true,"href":"https:\/\/decokoncept.pl\/de\/wp-json\/wp\/v2\/tag-konfiguratora?post=428"},{"taxonomy":"product_brand","embeddable":true,"href":"https:\/\/decokoncept.pl\/de\/wp-json\/wp\/v2\/product_brand?post=428"},{"taxonomy":"product_cat","embeddable":true,"href":"https:\/\/decokoncept.pl\/de\/wp-json\/wp\/v2\/product_cat?post=428"},{"taxonomy":"product_tag","embeddable":true,"href":"https:\/\/decokoncept.pl\/de\/wp-json\/wp\/v2\/product_tag?post=428"}],"curies":[{"name":"wp","href":"https:\/\/api.w.org\/{rel}","templated":true}]}}