{"id":425,"date":"2025-02-07T11:08:50","date_gmt":"2025-02-07T10:08:50","guid":{"rendered":"https:\/\/decokoncept.pl\/produkt\/c%c2%b2-stain-safe\/"},"modified":"2025-10-20T13:29:57","modified_gmt":"2025-10-20T11:29:57","slug":"c%c2%b2-fleckensicher","status":"publish","type":"product","link":"https:\/\/decokoncept.pl\/de\/produkt\/c%c2%b2-fleckensicher\/","title":{"rendered":"C\u00b2 Stain Safe\u2122"},"content":{"rendered":"","protected":false},"excerpt":{"rendered":"<p>C\u00b2 Stain Safe\u2122 kombiniert hydrophobe und \u00f6labweisende Eigenschaften, um die Bildung von hartn\u00e4ckigen Flecken durch \u00f6lige und wasserbasierte Substanzen zu verhindern. Au\u00dferdem erh\u00f6ht es die Widerstandsf\u00e4higkeit gegen allt\u00e4glichen Schmutz.<\/p>","protected":false},"featured_media":1353,"template":"","format":"standard","meta":{"_acf_changed":false},"tag-konfiguratora":[],"product_brand":[],"product_cat":[18],"product_tag":[],"class_list":{"0":"post-425","1":"product","2":"type-product","3":"status-publish","4":"format-standard","5":"has-post-thumbnail","7":"product_cat-ochrona-betonu","9":"first","10":"instock","11":"taxable","12":"shipping-taxable","13":"purchasable","14":"product-type-variable","15":"has-default-attributes"},"acf":[],"_links":{"self":[{"href":"https:\/\/decokoncept.pl\/de\/wp-json\/wp\/v2\/product\/425","targetHints":{"allow":["GET"]}}],"collection":[{"href":"https:\/\/decokoncept.pl\/de\/wp-json\/wp\/v2\/product"}],"about":[{"href":"https:\/\/decokoncept.pl\/de\/wp-json\/wp\/v2\/types\/product"}],"wp:featuredmedia":[{"embeddable":true,"href":"https:\/\/decokoncept.pl\/de\/wp-json\/wp\/v2\/media\/1353"}],"wp:attachment":[{"href":"https:\/\/decokoncept.pl\/de\/wp-json\/wp\/v2\/media?parent=425"}],"wp:term":[{"taxonomy":"tag-konfiguratora","embeddable":true,"href":"https:\/\/decokoncept.pl\/de\/wp-json\/wp\/v2\/tag-konfiguratora?post=425"},{"taxonomy":"product_brand","embeddable":true,"href":"https:\/\/decokoncept.pl\/de\/wp-json\/wp\/v2\/product_brand?post=425"},{"taxonomy":"product_cat","embeddable":true,"href":"https:\/\/decokoncept.pl\/de\/wp-json\/wp\/v2\/product_cat?post=425"},{"taxonomy":"product_tag","embeddable":true,"href":"https:\/\/decokoncept.pl\/de\/wp-json\/wp\/v2\/product_tag?post=425"}],"curies":[{"name":"wp","href":"https:\/\/api.w.org\/{rel}","templated":true}]}}