{"id":422,"date":"2025-02-07T11:08:50","date_gmt":"2025-02-07T10:08:50","guid":{"rendered":"https:\/\/decokoncept.pl\/produkt\/c%c2%b2-ultra-seal\/"},"modified":"2025-04-17T12:58:30","modified_gmt":"2025-04-17T10:58:30","slug":"c%c2%b2-ultradichtung","status":"publish","type":"product","link":"https:\/\/decokoncept.pl\/de\/produkt\/c%c2%b2-ultradichtung\/","title":{"rendered":"C\u00b2 Ultra Seal\u2122"},"content":{"rendered":"","protected":false},"excerpt":{"rendered":"<p>C\u00b2 Ultra Seal\u2122 bildet eine dauerhafte Schutzschicht auf Betonb\u00f6den, die versehentlich versch\u00fctteten Lebensmitteln, Haushaltsreinigern oder industriellem Schmutz ausgesetzt sind. Es schafft eine dauerhafte, gl\u00e4nzende Schutzschicht, die dem Boden Gl\u00e4tte und eine dezente Farbtiefe verleiht.<\/p>","protected":false},"featured_media":293,"template":"","format":"standard","meta":{"_acf_changed":false},"tag-konfiguratora":[42,83,93,67,45,46,44,43],"product_brand":[],"product_cat":[18],"product_tag":[],"class_list":{"0":"post-422","1":"product","2":"type-product","3":"status-publish","4":"format-standard","5":"has-post-thumbnail","7":"tag-konfiguratora-nowa-posadzka","8":"tag-konfiguratora-posadzka-narazona-na-plamy-wykonawca","9":"tag-konfiguratora-posadzka-narazona-na-plamy-zaimpregnuj","10":"tag-konfiguratora-posadzka-narazona-na-plamy","11":"tag-konfiguratora-renowacja-posadzki","12":"tag-konfiguratora-wykonawca-polerowany-beton-renowacja-posadzki","13":"tag-konfiguratora-wykonawca-polerowany-beton","14":"tag-konfiguratora-wykonawca-posadzek-betonowych","15":"product_cat-ochrona-betonu","17":"first","18":"instock","19":"taxable","20":"shipping-taxable","21":"purchasable","22":"product-type-variable","23":"has-default-attributes"},"acf":[],"_links":{"self":[{"href":"https:\/\/decokoncept.pl\/de\/wp-json\/wp\/v2\/product\/422","targetHints":{"allow":["GET"]}}],"collection":[{"href":"https:\/\/decokoncept.pl\/de\/wp-json\/wp\/v2\/product"}],"about":[{"href":"https:\/\/decokoncept.pl\/de\/wp-json\/wp\/v2\/types\/product"}],"wp:featuredmedia":[{"embeddable":true,"href":"https:\/\/decokoncept.pl\/de\/wp-json\/wp\/v2\/media\/293"}],"wp:attachment":[{"href":"https:\/\/decokoncept.pl\/de\/wp-json\/wp\/v2\/media?parent=422"}],"wp:term":[{"taxonomy":"tag-konfiguratora","embeddable":true,"href":"https:\/\/decokoncept.pl\/de\/wp-json\/wp\/v2\/tag-konfiguratora?post=422"},{"taxonomy":"product_brand","embeddable":true,"href":"https:\/\/decokoncept.pl\/de\/wp-json\/wp\/v2\/product_brand?post=422"},{"taxonomy":"product_cat","embeddable":true,"href":"https:\/\/decokoncept.pl\/de\/wp-json\/wp\/v2\/product_cat?post=422"},{"taxonomy":"product_tag","embeddable":true,"href":"https:\/\/decokoncept.pl\/de\/wp-json\/wp\/v2\/product_tag?post=422"}],"curies":[{"name":"wp","href":"https:\/\/api.w.org\/{rel}","templated":true}]}}