{"id":418,"date":"2025-02-07T11:08:48","date_gmt":"2025-02-07T10:08:48","guid":{"rendered":"https:\/\/decokoncept.pl\/produkt\/c%c2%b2-seal\/"},"modified":"2025-11-09T10:27:03","modified_gmt":"2025-11-09T09:27:03","slug":"c%c2%b2-siegel","status":"publish","type":"product","link":"https:\/\/decokoncept.pl\/de\/produkt\/c%c2%b2-siegel\/","title":{"rendered":"C\u00b2 Seal\u2122"},"content":{"rendered":"","protected":false},"excerpt":{"rendered":"<p>C\u00b2 Seal\u2122 verbessert den Glanz von Betonoberfl\u00e4chen und erh\u00f6ht ihre Widerstandsf\u00e4higkeit gegen Flecken. Die B\u00f6den werden glatter und \u00e4sthetischer, da das Produkt die nat\u00fcrliche Sch\u00f6nheit des Materials hervorhebt und es gleichzeitig vor Abrieb, Kratzern und anderen mechanischen Sch\u00e4den sch\u00fctzt.<\/p>","protected":false},"featured_media":286,"template":"","format":"standard","meta":{"_acf_changed":false},"tag-konfiguratora":[71,42,72],"product_brand":[],"product_cat":[18],"product_tag":[],"class_list":{"0":"post-418","1":"product","2":"type-product","3":"status-publish","4":"format-standard","5":"has-post-thumbnail","7":"tag-konfiguratora-inwestor","8":"tag-konfiguratora-nowa-posadzka","9":"tag-konfiguratora-posadzka-betonowa-premium","10":"product_cat-ochrona-betonu","12":"first","13":"outofstock","14":"taxable","15":"shipping-taxable","16":"product-type-variable"},"acf":[],"_links":{"self":[{"href":"https:\/\/decokoncept.pl\/de\/wp-json\/wp\/v2\/product\/418","targetHints":{"allow":["GET"]}}],"collection":[{"href":"https:\/\/decokoncept.pl\/de\/wp-json\/wp\/v2\/product"}],"about":[{"href":"https:\/\/decokoncept.pl\/de\/wp-json\/wp\/v2\/types\/product"}],"wp:featuredmedia":[{"embeddable":true,"href":"https:\/\/decokoncept.pl\/de\/wp-json\/wp\/v2\/media\/286"}],"wp:attachment":[{"href":"https:\/\/decokoncept.pl\/de\/wp-json\/wp\/v2\/media?parent=418"}],"wp:term":[{"taxonomy":"tag-konfiguratora","embeddable":true,"href":"https:\/\/decokoncept.pl\/de\/wp-json\/wp\/v2\/tag-konfiguratora?post=418"},{"taxonomy":"product_brand","embeddable":true,"href":"https:\/\/decokoncept.pl\/de\/wp-json\/wp\/v2\/product_brand?post=418"},{"taxonomy":"product_cat","embeddable":true,"href":"https:\/\/decokoncept.pl\/de\/wp-json\/wp\/v2\/product_cat?post=418"},{"taxonomy":"product_tag","embeddable":true,"href":"https:\/\/decokoncept.pl\/de\/wp-json\/wp\/v2\/product_tag?post=418"}],"curies":[{"name":"wp","href":"https:\/\/api.w.org\/{rel}","templated":true}]}}