{"id":414,"date":"2025-02-07T11:08:48","date_gmt":"2025-02-07T10:08:48","guid":{"rendered":"https:\/\/decokoncept.pl\/produkt\/c%c2%b2-eco-hard-concentrate\/"},"modified":"2025-10-06T13:12:04","modified_gmt":"2025-10-06T11:12:04","slug":"c%c2%b2-oko-hartkonzentrat","status":"publish","type":"product","link":"https:\/\/decokoncept.pl\/de\/produkt\/c%c2%b2-oko-hartkonzentrat\/","title":{"rendered":"C\u00b2 Eco Hard Concentrate\u2122"},"content":{"rendered":"","protected":false},"excerpt":{"rendered":"<p>C\u00b2 Eco Hard erh\u00f6ht die Abrieb- und Staubbest\u00e4ndigkeit und verbessert gleichzeitig das Aussehen und die Reflektivit\u00e4t alter und neuer Betonb\u00f6den. Mit C\u00b2 Eco Hard behandelte Oberfl\u00e4chen sind leicht zu pflegen und m\u00fcssen nicht gewachst werden.<\/p>","protected":false},"featured_media":513,"template":"","format":"standard","meta":{"_acf_changed":false},"tag-konfiguratora":[],"product_brand":[],"product_cat":[16],"product_tag":[],"class_list":{"0":"post-414","1":"product","2":"type-product","3":"status-publish","4":"format-standard","5":"has-post-thumbnail","7":"product_cat-utwardzenie-betonu","9":"first","10":"instock","11":"taxable","12":"shipping-taxable","13":"purchasable","14":"product-type-variable","15":"has-default-attributes"},"acf":[],"_links":{"self":[{"href":"https:\/\/decokoncept.pl\/de\/wp-json\/wp\/v2\/product\/414","targetHints":{"allow":["GET"]}}],"collection":[{"href":"https:\/\/decokoncept.pl\/de\/wp-json\/wp\/v2\/product"}],"about":[{"href":"https:\/\/decokoncept.pl\/de\/wp-json\/wp\/v2\/types\/product"}],"wp:featuredmedia":[{"embeddable":true,"href":"https:\/\/decokoncept.pl\/de\/wp-json\/wp\/v2\/media\/513"}],"wp:attachment":[{"href":"https:\/\/decokoncept.pl\/de\/wp-json\/wp\/v2\/media?parent=414"}],"wp:term":[{"taxonomy":"tag-konfiguratora","embeddable":true,"href":"https:\/\/decokoncept.pl\/de\/wp-json\/wp\/v2\/tag-konfiguratora?post=414"},{"taxonomy":"product_brand","embeddable":true,"href":"https:\/\/decokoncept.pl\/de\/wp-json\/wp\/v2\/product_brand?post=414"},{"taxonomy":"product_cat","embeddable":true,"href":"https:\/\/decokoncept.pl\/de\/wp-json\/wp\/v2\/product_cat?post=414"},{"taxonomy":"product_tag","embeddable":true,"href":"https:\/\/decokoncept.pl\/de\/wp-json\/wp\/v2\/product_tag?post=414"}],"curies":[{"name":"wp","href":"https:\/\/api.w.org\/{rel}","templated":true}]}}