{"id":413,"date":"2025-02-07T11:08:48","date_gmt":"2025-02-07T10:08:48","guid":{"rendered":"https:\/\/decokoncept.pl\/produkt\/c%c2%b2-salt-hard\/"},"modified":"2025-10-13T12:32:32","modified_gmt":"2025-10-13T10:32:32","slug":"c%c2%b2-salz-hart","status":"publish","type":"product","link":"https:\/\/decokoncept.pl\/de\/produkt\/c%c2%b2-salz-hart\/","title":{"rendered":"C\u00b2 Salz Hart+\u2122"},"content":{"rendered":"<p>In dieser Kombination h\u00e4rtet das Produkt B\u00f6den aus, macht sie staubdicht und sch\u00fctzt sie vor Abrieb, eindringender Feuchtigkeit und Chlorsalzen - alles in einem einzigen Schritt. Durch seine Geruchsarmut und Alkalistabilit\u00e4t ist C\u00b2 SALT HARD+ ideal f\u00fcr den Einsatz auf Betonfl\u00e4chen im Au\u00dfenbereich oder in Fabriken. In K\u00fcstengebieten sch\u00fctzt das Produkt vor dem Salz in der Luft, indem es das Eindringen von Chloriden durch den Beton bis zum Bewehrungsstahl verhindert. C\u00b2 SALT HARD+ bietet ein hohes Ma\u00df an Schutz auf horizontalen Fl\u00e4chen wie Einfahrten, Gehwegen und vertikalen Fl\u00e4chen wie St\u00fctzmauern und Br\u00fcckenpfeilern, die dem Streusalz ausgesetzt sind.<\/p>","protected":false},"excerpt":{"rendered":"<p>Korrosionshemmendes, hydrophobes 'Chloridschutzmittel' C\u00b2 SALT HARD + ist ein wasserbasiertes, hydrophobes und 'chloridsch\u00fctzendes' Silan-Siloxan-Konzentrat, das speziell zum Mischen mit C\u00b2 SUPER HARD oder C\u00b2 HARD entwickelt wurde.<\/p>","protected":false},"featured_media":282,"template":"","format":"standard","meta":{"_acf_changed":false},"tag-konfiguratora":[],"product_brand":[],"product_cat":[16],"product_tag":[],"class_list":{"0":"post-413","1":"product","2":"type-product","3":"status-publish","4":"format-standard","5":"has-post-thumbnail","7":"product_cat-utwardzenie-betonu","9":"first","10":"instock","11":"taxable","12":"shipping-taxable","13":"purchasable","14":"product-type-variable"},"acf":[],"_links":{"self":[{"href":"https:\/\/decokoncept.pl\/de\/wp-json\/wp\/v2\/product\/413","targetHints":{"allow":["GET"]}}],"collection":[{"href":"https:\/\/decokoncept.pl\/de\/wp-json\/wp\/v2\/product"}],"about":[{"href":"https:\/\/decokoncept.pl\/de\/wp-json\/wp\/v2\/types\/product"}],"wp:featuredmedia":[{"embeddable":true,"href":"https:\/\/decokoncept.pl\/de\/wp-json\/wp\/v2\/media\/282"}],"wp:attachment":[{"href":"https:\/\/decokoncept.pl\/de\/wp-json\/wp\/v2\/media?parent=413"}],"wp:term":[{"taxonomy":"tag-konfiguratora","embeddable":true,"href":"https:\/\/decokoncept.pl\/de\/wp-json\/wp\/v2\/tag-konfiguratora?post=413"},{"taxonomy":"product_brand","embeddable":true,"href":"https:\/\/decokoncept.pl\/de\/wp-json\/wp\/v2\/product_brand?post=413"},{"taxonomy":"product_cat","embeddable":true,"href":"https:\/\/decokoncept.pl\/de\/wp-json\/wp\/v2\/product_cat?post=413"},{"taxonomy":"product_tag","embeddable":true,"href":"https:\/\/decokoncept.pl\/de\/wp-json\/wp\/v2\/product_tag?post=413"}],"curies":[{"name":"wp","href":"https:\/\/api.w.org\/{rel}","templated":true}]}}