{"id":405,"date":"2025-02-07T11:08:48","date_gmt":"2025-02-07T10:08:48","guid":{"rendered":"https:\/\/decokoncept.pl\/produkt\/c%c2%b2-hard-blend\/"},"modified":"2025-10-31T17:42:48","modified_gmt":"2025-10-31T16:42:48","slug":"c%c2%b2-harte-mischung","status":"publish","type":"product","link":"https:\/\/decokoncept.pl\/de\/produkt\/c%c2%b2-harte-mischung\/","title":{"rendered":"C\u00b2 Hard Blend\u2122"},"content":{"rendered":"","protected":false},"excerpt":{"rendered":"<p>C\u00b2 Hard Blend\u2122 ist eine Mischung aus Silikaten - Lithium und Kalium -, die in den Beton eindringt, ihn h\u00e4rtet und an der Au\u00dfenseite eine Mikroschicht hinterl\u00e4sst, die poliert werden kann. Es bietet eine bessere Abriebfestigkeit (mehr als herk\u00f6mmliche H\u00e4rter) und eine Oberfl\u00e4che, die leichter zu pflegen ist.<\/p>","protected":false},"featured_media":268,"template":"","format":"standard","meta":{"_acf_changed":false},"tag-konfiguratora":[42,45,90,46,44,43,64,53],"product_brand":[],"product_cat":[16],"product_tag":[],"class_list":{"0":"post-405","1":"product","2":"type-product","3":"status-publish","4":"format-standard","5":"has-post-thumbnail","7":"tag-konfiguratora-nowa-posadzka","8":"tag-konfiguratora-renowacja-posadzki","9":"tag-konfiguratora-ekonomicznego-i-dobrego-utwardzacza","10":"tag-konfiguratora-wykonawca-polerowany-beton-renowacja-posadzki","11":"tag-konfiguratora-wykonawca-polerowany-beton","12":"tag-konfiguratora-wykonawca-posadzek-betonowych","13":"tag-konfiguratora-zwiekszenie-odpornosci-polerowany-beton","14":"tag-konfiguratora-zwiekszenie-odpornosci-na-scieranie","15":"product_cat-utwardzenie-betonu","17":"first","18":"instock","19":"taxable","20":"shipping-taxable","21":"purchasable","22":"product-type-variable"},"acf":[],"_links":{"self":[{"href":"https:\/\/decokoncept.pl\/de\/wp-json\/wp\/v2\/product\/405","targetHints":{"allow":["GET"]}}],"collection":[{"href":"https:\/\/decokoncept.pl\/de\/wp-json\/wp\/v2\/product"}],"about":[{"href":"https:\/\/decokoncept.pl\/de\/wp-json\/wp\/v2\/types\/product"}],"wp:featuredmedia":[{"embeddable":true,"href":"https:\/\/decokoncept.pl\/de\/wp-json\/wp\/v2\/media\/268"}],"wp:attachment":[{"href":"https:\/\/decokoncept.pl\/de\/wp-json\/wp\/v2\/media?parent=405"}],"wp:term":[{"taxonomy":"tag-konfiguratora","embeddable":true,"href":"https:\/\/decokoncept.pl\/de\/wp-json\/wp\/v2\/tag-konfiguratora?post=405"},{"taxonomy":"product_brand","embeddable":true,"href":"https:\/\/decokoncept.pl\/de\/wp-json\/wp\/v2\/product_brand?post=405"},{"taxonomy":"product_cat","embeddable":true,"href":"https:\/\/decokoncept.pl\/de\/wp-json\/wp\/v2\/product_cat?post=405"},{"taxonomy":"product_tag","embeddable":true,"href":"https:\/\/decokoncept.pl\/de\/wp-json\/wp\/v2\/product_tag?post=405"}],"curies":[{"name":"wp","href":"https:\/\/api.w.org\/{rel}","templated":true}]}}